{"id":194,"date":"2017-10-31T08:56:48","date_gmt":"2017-10-31T08:56:48","guid":{"rendered":"http:\/\/preview.milingona.co\/themes\/bakery\/?page_id=194"},"modified":"2025-08-22T14:44:01","modified_gmt":"2025-08-22T14:44:01","slug":"empresa","status":"publish","type":"page","link":"https:\/\/donanara.com.br\/2019\/empresa\/","title":{"rendered":"Sobre a Dona Nara"},"content":{"rendered":"<div class=\"wpb-content-wrapper\"><p>[vc_row content_layout=&#8221;boxed&#8221; equal_height=&#8221;&#8221; animation_delay=&#8221;&#8221; disable=&#8221;&#8221; id=&#8221;&#8221; class=&#8221;&#8221; bg_type=&#8221;image&#8221; bg_image=&#8221;&#8221; color_overlay=&#8221;&#8221; enable_parallax=&#8221;&#8221; enable_pattern=&#8221;&#8221;][vc_column layout=&#8221;normal&#8221; vertical_align=&#8221;auto&#8221; animation_delay=&#8221;&#8221; width=&#8221;1\/2&#8243;][vc_single_image image=&#8221;2473&#8243; img_size=&#8221;full&#8221; css=&#8221;.vc_custom_1570994623186{margin-top: 20px !important;border-top-width: 8px !important;border-right-width: 8px !important;border-bottom-width: 8px !important;border-left-width: 8px !important;border-left-color: #ffffff !important;border-left-style: solid !important;border-right-color: #ffffff !important;border-right-style: solid !important;border-top-color: #ffffff !important;border-top-style: solid !important;border-bottom-color: #ffffff !important;border-bottom-style: solid !important;border-radius: 10px !important;}&#8221;][\/vc_column][vc_column layout=&#8221;normal&#8221; vertical_align=&#8221;auto&#8221; animation_delay=&#8221;&#8221; width=&#8221;1\/2&#8243;]\t\t<header class=\"vu_heading vu_h-style-1 vu_h-alignment-left\">\r\n\t\t\t\r\n\t\t\t<h2 class=\"vu_h-heading m-b-0\"><span>Conhe\u00e7a a Nossa Empresa<\/span><\/h2>\r\n\r\n\t\t\t\t\t<\/header>\r\n\t[vc_column_text]A <strong>Dona Nara <\/strong>surge em 1994, como empresa familiar, pela postura empreendedora da fam\u00edlia do Senhor Berto Wilson, que naquele ano passa a se dedicar exclusivamente a produ\u00e7\u00e3o de massa de pastel ap\u00f3s identificar uma grande demanda no mercado.<br \/>\nCom uma carteira de clientes e a compra de um cilindro a Dona Nara obteve a qualidade necess\u00e1ria para se consolidar no mercado.<\/p>\n<!-- \/wp:post-content -->\n<!-- wp:paragraph -->\n<p>A <strong>Dona Nara <\/strong>tem em seus prop\u00f3sitos e valores, atender o cliente com qualidade, contando com a efici\u00eancia de seus colaboradores que trabalham com o objetivo de ter um produto diferenciados.[\/vc_column_text][\/vc_column][\/vc_row][vc_row content_layout=&#8221;boxed&#8221; equal_height=&#8221;&#8221; animation_delay=&#8221;&#8221; disable=&#8221;&#8221; id=&#8221;&#8221; class=&#8221;&#8221; bg_type=&#8221;image&#8221; bg_image=&#8221;&#8221; color_overlay=&#8221;&#8221; enable_parallax=&#8221;&#8221; enable_pattern=&#8221;&#8221;][vc_column layout=&#8221;normal&#8221; vertical_align=&#8221;auto&#8221; animation_delay=&#8221;&#8221; width=&#8221;1\/2&#8243;]\t\t<header class=\"vu_heading vu_h-style-2 vu_h-alignment-left\">\r\n\t\t\t\r\n\t\t\t<h2 class=\"vu_h-heading\"><span>FROTA PR\u00d3PRIA<\/span><\/h2>\r\n\r\n\t\t\t\t\t\t\t<div class=\"vu_h-subheading\">\r\n\t\t\t\t\t<p>A Dona Nara conta com frota pr\u00f3pria para distribui\u00e7\u00e3o dos seus produtos,<br \/>\no que possibilita dom\u00ednio e maior efici\u00eancia de entregas.<\/p>\n\t\t\t\t<\/div>\r\n\t\t\t\t\t<\/header>\r\n\t\t\t<header class=\"vu_heading vu_h-style-2 vu_h-alignment-left\">\r\n\t\t\t\r\n\t\t\t<h2 class=\"vu_h-heading\"><span>CONTROLE DE QUALIDADE<\/span><\/h2>\r\n\r\n\t\t\t\t\t\t\t<div class=\"vu_h-subheading\">\r\n\t\t\t\t\t<p>Para manter a qualidade dos nossos produtos, oferecemos cursos de adequa\u00e7\u00e3o profissional para que o cliente possa obter sempre  a m\u00e1xima qualidade.<\/p>\n\t\t\t\t<\/div>\r\n\t\t\t\t\t<\/header>\r\n\t[\/vc_column][vc_column layout=&#8221;normal&#8221; vertical_align=&#8221;auto&#8221; animation_delay=&#8221;&#8221; width=&#8221;1\/2&#8243;]\t\t<header class=\"vu_heading vu_h-style-2 vu_h-alignment-left\">\r\n\t\t\t\r\n\t\t\t<h2 class=\"vu_h-heading\"><span>PRODUTOS FRESCOS<\/span><\/h2>\r\n\r\n\t\t\t\t\t\t\t<div class=\"vu_h-subheading\">\r\n\t\t\t\t\t<p>As entregas de produtos da Dona Nara acontecem semanalmente, evitando assim que as massas, permane\u00e7am muito tempo no estoque do cliente, o que contribui para manter os produtos dentro do prazo de validade.<\/p>\n\t\t\t\t<\/div>\r\n\t\t\t\t\t<\/header>\r\n\t\t\t<header class=\"vu_heading vu_h-style-2 vu_h-alignment-left\">\r\n\t\t\t\r\n\t\t\t<h2 class=\"vu_h-heading\"><span>TELEMARKETING<\/span><\/h2>\r\n\r\n\t\t\t\t\t\t\t<div class=\"vu_h-subheading\">\r\n\t\t\t\t\t<p>Possu\u00edmos uma equipe de contato ativo que faz um contato programado com o cliente para verifica\u00e7\u00e3o de estoque e reposi\u00e7\u00e3o dos produtos.<\/p>\n\t\t\t\t<\/div>\r\n\t\t\t\t\t<\/header>\r\n\t[\/vc_column][\/vc_row][vc_row content_layout=&#8221;full&#8221; equal_height=&#8221;&#8221; animation_delay=&#8221;&#8221; disable=&#8221;&#8221; id=&#8221;&#8221; class=&#8221;&#8221; bg_type=&#8221;image&#8221; bg_image=&#8221;&#8221; color_overlay=&#8221;&#8221; enable_parallax=&#8221;&#8221; enable_pattern=&#8221;&#8221; css=&#8221;.vc_custom_1565600365321{background-color: #dd3333 !important;}&#8221;][vc_column layout=&#8221;normal&#8221; vertical_align=&#8221;auto&#8221; animation_delay=&#8221;&#8221;]\t\t<header class=\"vu_heading vu_h-style-1 vu_h-alignment-center vu_custom_5085926\">\r\n\t\t\t\t\t\t\t<style scoped>\r\n\t\t\t\t\t\t\t\t\t\t\t.vu_heading.vu_custom_5085926 .vu_h-heading { color: #ffffff}\r\n\t\t\t\t\t\r\n\t\t\t\t\t\r\n\t\t\t\t\t\r\n\t\t\t\t\t\t\t\t\t<\/style>\r\n\t\t\t\r\n\t\t\t<h2 class=\"vu_h-heading m-b-0\"><span>DEPOIMENTO<\/span><\/h2>\r\n\r\n\t\t\t\t\t<\/header>\r\n\t\t\t<div class=\"vu_testimonial vu_t-style-2 vu_t-alignment-center clearfix vu_custom_5633163\" itemscope=\"itemscope\" itemtype=\"https:\/\/schema.org\/CreativeWork\">\r\n\t\t\t\t\t\t\t<style scoped>\r\n\t\t\t\t\t\t\t\t\t\t\t.vu_testimonial.vu_custom_5633163 .vu_t-content p { color: #ffffff !important; }\r\n\t\t\t\t\t\t\t\t\t\t\t\t\t\t\t\t.vu_testimonial.vu_custom_5633163 .vu_t-author .vu_t-author-name:before { background-color: #dd9933 !important; }\r\n\t\t\t\t\t\t\t\t\t\t\t\t\t\t\t\t.vu_testimonial.vu_custom_5633163 .vu_t-author .vu_t-author-name { color: #ffffff !important; }\r\n\t\t\t\t\t\t\t\t\t\t\t\t\t\t\t\t.vu_testimonial.vu_custom_5633163 .vu_t-author .vu_t-author-position { color: #ffffff !important; }\r\n\t\t\t\t\t\t\t\t\t<\/style>\r\n\t\t\t\r\n\t\t\t<div class=\"vu_t-container\">\r\n\t\t\t\t\t\t\t\t\r\n\t\t\t\t<div class=\"vu_t-content\">\r\n\t\t\t\t\t<div class=\"vu_t-description clearfix\" itemprop=\"text\">\r\n\t\t\t\t\t\t<p>Experimentei os p\u00e3es de queijo Dona Nara e achei fant\u00e1stico!&lt;br \/&gt;<br \/>\nA textura e o saber s\u00e3o iguais aos p\u00e3es de queijo mineiro. Parab\u00e9ns, recomendo para todos!<\/p>\n\t\t\t\t\t<\/div>\r\n\r\n\t\t\t\t\t<div class=\"vu_t-author\" itemscope=\"itemscope\" itemtype=\"https:\/\/schema.org\/Person\">\r\n\t\t\t\t\t\t<h4 class=\"vu_t-author-name\" itemprop=\"name\">Robinson Tigre - Consumidor<\/h4>\r\n\r\n\t\t\t\t\t\t\t\t\t\t\t<\/div>\r\n\t\t\t\t<\/div>\r\n\t\t\t<\/div>\r\n\t\t<\/div>\r\n\t[\/vc_column][\/vc_row][vc_row content_layout=&#8221;boxed&#8221; equal_height=&#8221;&#8221; animation_delay=&#8221;&#8221; disable=&#8221;&#8221; id=&#8221;&#8221; class=&#8221;&#8221; bg_type=&#8221;image&#8221; bg_image=&#8221;&#8221; color_overlay=&#8221;&#8221; enable_parallax=&#8221;&#8221; enable_pattern=&#8221;&#8221;][vc_column layout=&#8221;normal&#8221; vertical_align=&#8221;auto&#8221; animation_delay=&#8221;&#8221; width=&#8221;1\/3&#8243;][\/vc_column][vc_column layout=&#8221;normal&#8221; vertical_align=&#8221;auto&#8221; animation_delay=&#8221;&#8221; width=&#8221;1\/3&#8243;]\t\t<header class=\"vu_heading vu_h-style-1 vu_h-alignment-center\">\r\n\t\t\t\r\n\t\t\t<h2 class=\"vu_h-heading m-b-0\"><span>VARIEDADE DE PRODUTOS<\/span><\/h2>\r\n\r\n\t\t\t\t\t<\/header>\r\n\t[\/vc_column][vc_column layout=&#8221;normal&#8221; vertical_align=&#8221;auto&#8221; animation_delay=&#8221;&#8221; width=&#8221;1\/3&#8243;][\/vc_column][\/vc_row][vc_row content_layout=&#8221;boxed&#8221; equal_height=&#8221;&#8221; animation_delay=&#8221;&#8221; disable=&#8221;&#8221; id=&#8221;&#8221; class=&#8221;&#8221; bg_type=&#8221;image&#8221; bg_image=&#8221;&#8221; color_overlay=&#8221;&#8221; enable_parallax=&#8221;&#8221; enable_pattern=&#8221;&#8221;][vc_column layout=&#8221;normal&#8221; vertical_align=&#8221;auto&#8221; animation_delay=&#8221;&#8221; width=&#8221;1\/6&#8243;]\t\t<article class=\"vu_product vu_p-style-5 clearfix\" itemscope itemtype=\"http:\/\/schema.org\/Product\">\n\t\t\t\t\t\t\t\t\t\t\t\t\n\t\t\t\t\t\t\t\t\t\t\t<div class=\"vu_p-image vu_lazy-load\" data-img=\"https:\/\/donanara.com.br\/2019\/wp-content\/uploads\/2025\/08\/pastel-discao.jpg\">\n\t\t\t\t\t\t\t<span><img loading=\"lazy\" decoding=\"async\" width=\"600\" height=\"600\" src=\"https:\/\/donanara.com.br\/2019\/wp-content\/uploads\/2025\/08\/pastel-discao.jpg\" class=\"attachment-bakery_ratio-1:1 size-bakery_ratio-1:1\" alt=\"\" itemprop=\"image\" srcset=\"https:\/\/donanara.com.br\/2019\/wp-content\/uploads\/2025\/08\/pastel-discao.jpg 600w, https:\/\/donanara.com.br\/2019\/wp-content\/uploads\/2025\/08\/pastel-discao-300x300.jpg 300w, https:\/\/donanara.com.br\/2019\/wp-content\/uploads\/2025\/08\/pastel-discao-150x150.jpg 150w\" sizes=\"auto, (max-width: 600px) 100vw, 600px\" \/><\/span>\n\t\t\t\t\t\t<\/div>\n\t\t\t\t\t\t\t\t\t\t\t\t\n\t\t\t<div class=\"vu_p-content\">\n\t\t\t\t\n\t\t\t\t\t\t\t\t\t<h3 class=\"vu_p-name\" itemprop=\"name\">Massa para Pastel<\/h3>\n\t\t\t\t\n\t\t\t\t\n\t\t\t\t\t\t\t<\/div>\n\t\t<\/article>\n\t[\/vc_column][vc_column layout=&#8221;normal&#8221; vertical_align=&#8221;auto&#8221; animation_delay=&#8221;&#8221; width=&#8221;1\/6&#8243;]\t\t<article class=\"vu_product vu_p-style-5 clearfix\" itemscope itemtype=\"http:\/\/schema.org\/Product\">\n\t\t\t\t\t\t\t\t\t\t\t\t\n\t\t\t\t\t\t\t\t\t\t\t<div class=\"vu_p-image vu_lazy-load\" data-img=\"https:\/\/donanara.com.br\/2019\/wp-content\/uploads\/2025\/08\/pao-queijo-tradicional-2kg.jpg\">\n\t\t\t\t\t\t\t<span><img loading=\"lazy\" decoding=\"async\" width=\"600\" height=\"600\" src=\"https:\/\/donanara.com.br\/2019\/wp-content\/uploads\/2025\/08\/pao-queijo-tradicional-2kg.jpg\" class=\"attachment-bakery_ratio-1:1 size-bakery_ratio-1:1\" alt=\"\" itemprop=\"image\" srcset=\"https:\/\/donanara.com.br\/2019\/wp-content\/uploads\/2025\/08\/pao-queijo-tradicional-2kg.jpg 600w, https:\/\/donanara.com.br\/2019\/wp-content\/uploads\/2025\/08\/pao-queijo-tradicional-2kg-300x300.jpg 300w, https:\/\/donanara.com.br\/2019\/wp-content\/uploads\/2025\/08\/pao-queijo-tradicional-2kg-150x150.jpg 150w\" sizes=\"auto, (max-width: 600px) 100vw, 600px\" \/><\/span>\n\t\t\t\t\t\t<\/div>\n\t\t\t\t\t\t\t\t\t\t\t\t\n\t\t\t<div class=\"vu_p-content\">\n\t\t\t\t\n\t\t\t\t\t\t\t\t\t<h3 class=\"vu_p-name\" itemprop=\"name\">P\u00e3o de Queijo<\/h3>\n\t\t\t\t\n\t\t\t\t\n\t\t\t\t\t\t\t<\/div>\n\t\t<\/article>\n\t[\/vc_column][vc_column layout=&#8221;normal&#8221; vertical_align=&#8221;auto&#8221; animation_delay=&#8221;&#8221; width=&#8221;1\/6&#8243;]\t\t<article class=\"vu_product vu_p-style-5 clearfix\" itemscope itemtype=\"http:\/\/schema.org\/Product\">\n\t\t\t\t\t\t\t\t\t\t\t\t\n\t\t\t\t\t\t\t\t\t\t\t<div class=\"vu_p-image vu_lazy-load\" data-img=\"https:\/\/donanara.com.br\/2019\/wp-content\/uploads\/2025\/08\/capeletti.jpg\">\n\t\t\t\t\t\t\t<span><img loading=\"lazy\" decoding=\"async\" width=\"600\" height=\"600\" src=\"https:\/\/donanara.com.br\/2019\/wp-content\/uploads\/2025\/08\/capeletti.jpg\" class=\"attachment-bakery_ratio-1:1 size-bakery_ratio-1:1\" alt=\"\" itemprop=\"image\" srcset=\"https:\/\/donanara.com.br\/2019\/wp-content\/uploads\/2025\/08\/capeletti.jpg 600w, https:\/\/donanara.com.br\/2019\/wp-content\/uploads\/2025\/08\/capeletti-300x300.jpg 300w, https:\/\/donanara.com.br\/2019\/wp-content\/uploads\/2025\/08\/capeletti-150x150.jpg 150w\" sizes=\"auto, (max-width: 600px) 100vw, 600px\" \/><\/span>\n\t\t\t\t\t\t<\/div>\n\t\t\t\t\t\t\t\t\t\t\t\t\n\t\t\t<div class=\"vu_p-content\">\n\t\t\t\t\n\t\t\t\t\t\t\t\t\t<h3 class=\"vu_p-name\" itemprop=\"name\">Capeletti<\/h3>\n\t\t\t\t\n\t\t\t\t\n\t\t\t\t\t\t\t<\/div>\n\t\t<\/article>\n\t[\/vc_column][vc_column layout=&#8221;normal&#8221; vertical_align=&#8221;auto&#8221; animation_delay=&#8221;&#8221; width=&#8221;1\/6&#8243;]\t\t<article class=\"vu_product vu_p-style-5 clearfix\" itemscope itemtype=\"http:\/\/schema.org\/Product\">\n\t\t\t\t\t\t\t\t\t\t\t\t\n\t\t\t\t\t\t\t\t\t\t\t<div class=\"vu_p-image vu_lazy-load\" data-img=\"https:\/\/donanara.com.br\/2019\/wp-content\/uploads\/2025\/08\/nhoque.jpg\">\n\t\t\t\t\t\t\t<span><img loading=\"lazy\" decoding=\"async\" width=\"600\" height=\"600\" src=\"https:\/\/donanara.com.br\/2019\/wp-content\/uploads\/2025\/08\/nhoque.jpg\" class=\"attachment-bakery_ratio-1:1 size-bakery_ratio-1:1\" alt=\"\" itemprop=\"image\" srcset=\"https:\/\/donanara.com.br\/2019\/wp-content\/uploads\/2025\/08\/nhoque.jpg 600w, https:\/\/donanara.com.br\/2019\/wp-content\/uploads\/2025\/08\/nhoque-300x300.jpg 300w, https:\/\/donanara.com.br\/2019\/wp-content\/uploads\/2025\/08\/nhoque-150x150.jpg 150w\" sizes=\"auto, (max-width: 600px) 100vw, 600px\" \/><\/span>\n\t\t\t\t\t\t<\/div>\n\t\t\t\t\t\t\t\t\t\t\t\t\n\t\t\t<div class=\"vu_p-content\">\n\t\t\t\t\n\t\t\t\t\t\t\t\t\t<h3 class=\"vu_p-name\" itemprop=\"name\">Nhoque<\/h3>\n\t\t\t\t\n\t\t\t\t\n\t\t\t\t\t\t\t<\/div>\n\t\t<\/article>\n\t[\/vc_column][vc_column layout=&#8221;normal&#8221; vertical_align=&#8221;auto&#8221; animation_delay=&#8221;&#8221; width=&#8221;1\/6&#8243;]\t\t<article class=\"vu_product vu_p-style-5 clearfix\" itemscope itemtype=\"http:\/\/schema.org\/Product\">\n\t\t\t\t\t\t\t\t\t\t\t\t\n\t\t\t\t\t\t\t\t\t\t\t<div class=\"vu_p-image vu_lazy-load\" data-img=\"https:\/\/donanara.com.br\/2019\/wp-content\/uploads\/2025\/08\/lasanha.jpg\">\n\t\t\t\t\t\t\t<span><img loading=\"lazy\" decoding=\"async\" width=\"600\" height=\"600\" src=\"https:\/\/donanara.com.br\/2019\/wp-content\/uploads\/2025\/08\/lasanha.jpg\" class=\"attachment-bakery_ratio-1:1 size-bakery_ratio-1:1\" alt=\"\" itemprop=\"image\" srcset=\"https:\/\/donanara.com.br\/2019\/wp-content\/uploads\/2025\/08\/lasanha.jpg 600w, https:\/\/donanara.com.br\/2019\/wp-content\/uploads\/2025\/08\/lasanha-300x300.jpg 300w, https:\/\/donanara.com.br\/2019\/wp-content\/uploads\/2025\/08\/lasanha-150x150.jpg 150w\" sizes=\"auto, (max-width: 600px) 100vw, 600px\" \/><\/span>\n\t\t\t\t\t\t<\/div>\n\t\t\t\t\t\t\t\t\t\t\t\t\n\t\t\t<div class=\"vu_p-content\">\n\t\t\t\t\n\t\t\t\t\t\t\t\t\t<h3 class=\"vu_p-name\" itemprop=\"name\">Lasanha<\/h3>\n\t\t\t\t\n\t\t\t\t\n\t\t\t\t\t\t\t<\/div>\n\t\t<\/article>\n\t[\/vc_column][vc_column layout=&#8221;normal&#8221; vertical_align=&#8221;auto&#8221; animation_delay=&#8221;&#8221; width=&#8221;1\/6&#8243;]\t\t<article class=\"vu_product vu_p-style-5 clearfix\" itemscope itemtype=\"http:\/\/schema.org\/Product\">\n\t\t\t\t\t\t\t\t\t\t\t\t\n\t\t\t\t\t\t\t\t\t\t\t<div class=\"vu_p-image vu_lazy-load\" data-img=\"https:\/\/donanara.com.br\/2019\/wp-content\/uploads\/2025\/08\/pizza-g.jpg\">\n\t\t\t\t\t\t\t<span><img loading=\"lazy\" decoding=\"async\" width=\"600\" height=\"600\" src=\"https:\/\/donanara.com.br\/2019\/wp-content\/uploads\/2025\/08\/pizza-g.jpg\" class=\"attachment-bakery_ratio-1:1 size-bakery_ratio-1:1\" alt=\"\" itemprop=\"image\" srcset=\"https:\/\/donanara.com.br\/2019\/wp-content\/uploads\/2025\/08\/pizza-g.jpg 600w, https:\/\/donanara.com.br\/2019\/wp-content\/uploads\/2025\/08\/pizza-g-300x300.jpg 300w, https:\/\/donanara.com.br\/2019\/wp-content\/uploads\/2025\/08\/pizza-g-150x150.jpg 150w\" sizes=\"auto, (max-width: 600px) 100vw, 600px\" \/><\/span>\n\t\t\t\t\t\t<\/div>\n\t\t\t\t\t\t\t\t\t\t\t\t\n\t\t\t<div class=\"vu_p-content\">\n\t\t\t\t\n\t\t\t\t\t\t\t\t\t<h3 class=\"vu_p-name\" itemprop=\"name\">Massa para Pizza<\/h3>\n\t\t\t\t\n\t\t\t\t\n\t\t\t\t\t\t\t<\/div>\n\t\t<\/article>\n\t[\/vc_column][\/vc_row][vc_row content_layout=&#8221;boxed&#8221; equal_height=&#8221;&#8221; animation_delay=&#8221;&#8221; disable=&#8221;&#8221; id=&#8221;&#8221; class=&#8221;&#8221; bg_type=&#8221;image&#8221; bg_image=&#8221;&#8221; color_overlay=&#8221;&#8221; enable_parallax=&#8221;&#8221; enable_pattern=&#8221;&#8221;][vc_column layout=&#8221;normal&#8221; vertical_align=&#8221;auto&#8221; animation_delay=&#8221;&#8221; width=&#8221;1\/3&#8243;][\/vc_column][vc_column layout=&#8221;normal&#8221; vertical_align=&#8221;auto&#8221; animation_delay=&#8221;&#8221; width=&#8221;1\/3&#8243;][vc_empty_space][\/vc_column][vc_column layout=&#8221;normal&#8221; vertical_align=&#8221;auto&#8221; animation_delay=&#8221;&#8221; width=&#8221;1\/3&#8243;]\t\t<a href=\"https:\/\/donanara.com.br\/2019\/produtos\/\" title=\"http:\/\/Produtos\" target=\"_self\" class=\"vu_button btn btn-inverse btn-md btn-primary btn-icon\">\r\n\t\t\t<span>CONHE\u00c7A TODOS OS PRODUTOS<\/span><i class=\"vu_fm-add_box\"><\/i>\t\t<\/a>\r\n\t[\/vc_column][\/vc_row][vc_row content_layout=&#8221;boxed&#8221; equal_height=&#8221;&#8221; animation_delay=&#8221;&#8221; disable=&#8221;&#8221; id=&#8221;&#8221; class=&#8221;&#8221; bg_type=&#8221;image&#8221; bg_image=&#8221;&#8221; color_overlay=&#8221;&#8221; enable_parallax=&#8221;&#8221; enable_pattern=&#8221;&#8221;][vc_column layout=&#8221;normal&#8221; vertical_align=&#8221;auto&#8221; animation_delay=&#8221;&#8221;][vc_empty_space][\/vc_column][\/vc_row]<\/p>\n<\/div>","protected":false},"excerpt":{"rendered":"<p>[vc_row content_layout=&#8221;boxed&#8221; equal_height=&#8221;&#8221; animation_delay=&#8221;&#8221; disable=&#8221;&#8221; id=&#8221;&#8221; class=&#8221;&#8221; bg_type=&#8221;image&#8221; bg_image=&#8221;&#8221; color_overlay=&#8221;&#8221; enable_parallax=&#8221;&#8221; enable_pattern=&#8221;&#8221;][vc_column layout=&#8221;normal&#8221; vertical_align=&#8221;auto&#8221; animation_delay=&#8221;&#8221; width=&#8221;1\/2&#8243;][vc_single_image image=&#8221;2473&#8243; img_size=&#8221;full&#8221; css=&#8221;.vc_custom_1570994623186{margin-top: 20px !important;border-top-width: 8px !important;border-right-width: 8px !important;border-bottom-width: 8px !important;border-left-width: 8px !important;border-left-color: #ffffff !important;border-left-style: solid !important;border-right-color: #ffffff !important;border-right-style: solid !important;border-top-color: #ffffff !important;border-top-style: solid !important;border-bottom-color: #ffffff !important;border-bottom-style: solid !important;border-radius: 10px !important;}&#8221;][\/vc_column][vc_column layout=&#8221;normal&#8221; vertical_align=&#8221;auto&#8221; animation_delay=&#8221;&#8221; width=&#8221;1\/2&#8243;][vc_column_text]A Dona Nara surge em [&hellip;]<\/p>\n","protected":false},"author":1,"featured_media":0,"parent":0,"menu_order":0,"comment_status":"closed","ping_status":"closed","template":"","meta":{"footnotes":""},"class_list":["post-194","page","type-page","status-publish","hentry"],"_links":{"self":[{"href":"https:\/\/donanara.com.br\/2019\/wp-json\/wp\/v2\/pages\/194","targetHints":{"allow":["GET"]}}],"collection":[{"href":"https:\/\/donanara.com.br\/2019\/wp-json\/wp\/v2\/pages"}],"about":[{"href":"https:\/\/donanara.com.br\/2019\/wp-json\/wp\/v2\/types\/page"}],"author":[{"embeddable":true,"href":"https:\/\/donanara.com.br\/2019\/wp-json\/wp\/v2\/users\/1"}],"replies":[{"embeddable":true,"href":"https:\/\/donanara.com.br\/2019\/wp-json\/wp\/v2\/comments?post=194"}],"version-history":[{"count":31,"href":"https:\/\/donanara.com.br\/2019\/wp-json\/wp\/v2\/pages\/194\/revisions"}],"predecessor-version":[{"id":2583,"href":"https:\/\/donanara.com.br\/2019\/wp-json\/wp\/v2\/pages\/194\/revisions\/2583"}],"wp:attachment":[{"href":"https:\/\/donanara.com.br\/2019\/wp-json\/wp\/v2\/media?parent=194"}],"curies":[{"name":"wp","href":"https:\/\/api.w.org\/{rel}","templated":true}]}}