{"id":2487,"date":"2019-12-03T01:11:28","date_gmt":"2019-12-03T01:11:28","guid":{"rendered":"https:\/\/donanara.com.br\/2019\/?page_id=2487"},"modified":"2025-08-22T13:54:37","modified_gmt":"2025-08-22T13:54:37","slug":"rondelli","status":"publish","type":"page","link":"https:\/\/donanara.com.br\/2019\/rondelli\/","title":{"rendered":"Rondelli"},"content":{"rendered":"<div class=\"wpb-content-wrapper\"><p>[vc_row content_layout=&#8221;boxed&#8221; equal_height=&#8221;&#8221; animation_delay=&#8221;&#8221; disable=&#8221;&#8221; id=&#8221;&#8221; class=&#8221;&#8221; bg_type=&#8221;image&#8221; bg_image=&#8221;&#8221; color_overlay=&#8221;&#8221; enable_parallax=&#8221;&#8221; enable_pattern=&#8221;&#8221;][vc_column layout=&#8221;normal&#8221; vertical_align=&#8221;auto&#8221; animation_delay=&#8221;&#8221;][vc_column_text]<p>[\/vc_column_text][\/vc_column][\/vc_row][vc_row content_layout=&#8221;boxed&#8221; equal_height=&#8221;&#8221; animation_delay=&#8221;&#8221; disable=&#8221;&#8221; id=&#8221;&#8221; class=&#8221;&#8221; bg_type=&#8221;image&#8221; bg_image=&#8221;&#8221; color_overlay=&#8221;#ffffff&#8221; enable_parallax=&#8221;&#8221; enable_pattern=&#8221;&#8221; css=&#8221;.vc_custom_1570331873810{padding-top: 25px !important;}&#8221;][vc_column layout=&#8221;normal&#8221; vertical_align=&#8221;auto&#8221; animation_delay=&#8221;&#8221; width=&#8221;1\/2&#8243;][vc_single_image image=&#8221;2555&#8243; img_size=&#8221;full&#8221; css=&#8221;&#8221;][vc_column_text]<\/p>\n<table id=\"tabprodseans\" border=\"0\" cellspacing=\"0\">\n<thead>\n<tr>\n<td class=\"titEmb\" colspan=\"2\">EMBALAGENS DISPON\u00cdVEIS<\/td>\n<\/tr>\n<tr>\n<td>PESO L\u00cdQUIDO<\/td>\n<td>EAN<\/td>\n<\/tr>\n<\/thead>\n<tbody>\n<tr>\n<td>500g<\/td>\n<td>7898944067394<\/td>\n<\/tr>\n<\/tbody>\n<\/table>\n<p>[\/vc_column_text][\/vc_column][vc_column layout=&#8221;normal&#8221; vertical_align=&#8221;auto&#8221; animation_delay=&#8221;&#8221; width=&#8221;1\/2&#8243;][vc_column_text]<strong>INGREDIENTES:<\/strong><\/p>\n<p>Farinha de trigo enriquecida com ferro e \u00e1cido f\u00f3lico, \u00e1gua, presunto, queijo tipo mussarela, sorbato de pot\u00e1ssio e corante natural betacaroteno.<br \/>\nCONT\u00c9M GL\u00daTEN. CONT\u00c9M LACTOSE.<\/p>\n<p><strong>MODO DE PREPARO:<\/strong><\/p>\n<p>Forno Convencional:<br \/>\n&#8211; Retire o Rondelli Dona Nara da embalagem e o acomode em uma forma refrat\u00e1ria.<br \/>\n&#8211; Coloque o molho de sua prefer\u00eancia.<br \/>\n&#8211; Leve ao forno preaquecido por 15 minutos.<\/p>\n<p>No Microondas:<br \/>\n&#8211; Retire o Rondelli Dona Nara da embalagem e o acomode em uma forma refrat\u00e1ria para microondas.<br \/>\n&#8211; Coloque o molho de sua prefer\u00eancia.<br \/>\n&#8211; Siga as instru\u00e7\u00f5es de tempo e aquecimento do seu equipamento.<\/p>\n<p><strong>&nbsp;<\/strong><strong>AL\u00c9RGICOS: <\/strong>CONT\u00c9M TRIGO E DERIVADOS DE SOJA.<\/p>\n<p><strong>&nbsp;<\/strong><strong>CONSERVA\u00c7\u00c3O: <\/strong>Manter sob refrigera\u00e7\u00e3o at\u00e9 10\u00b0C. Ap\u00f3s aberta a embalagem consumir em at\u00e9 24 horas.<\/p>\n<p><strong>VALIDADE<\/strong>: 45 dias[\/vc_column_text][vc_column_text]<\/p>\n<table id=\"tabnutricional\" border=\"0\" cellspacing=\"0\">\n<thead>\n<tr>\n<td colspan=\"3\">Informa\u00e7\u00e3o Nutricional<\/td>\n<\/tr>\n<tr>\n<td colspan=\"3\">Por\u00e7\u00e3o de 2 unidades (85g)<\/td>\n<\/tr>\n<\/thead>\n<tbody>\n<tr>\n<td>&nbsp;<\/td>\n<td>Quant. por Por\u00e7\u00e3o<br \/>\nKcal e Kj<\/td>\n<td>VD(*)<\/td>\n<\/tr>\n<tr>\n<td>Valor energ\u00e9tico<\/td>\n<td>153 kcal = 645kJ<\/td>\n<td>8%<\/td>\n<\/tr>\n<tr>\n<td>Carboidratos<\/td>\n<td>17g<\/td>\n<td>6%<\/td>\n<\/tr>\n<tr>\n<td>Proteinas<\/td>\n<td>8,3g<\/td>\n<td>11%<\/td>\n<\/tr>\n<tr>\n<td>Gorduras totais<\/td>\n<td>5,7g<\/td>\n<td>10%<\/td>\n<\/tr>\n<tr>\n<td>Gorduras Saturadas<\/td>\n<td>2,8g<\/td>\n<td>13%<\/td>\n<\/tr>\n<tr>\n<td>Gorduras Trans<\/td>\n<td>0<\/td>\n<td>*<\/td>\n<\/tr>\n<tr>\n<td>Fibra Alimentar<\/td>\n<td>0,5g<\/td>\n<td>3%<\/td>\n<\/tr>\n<tr>\n<td>S\u00f3dio<\/td>\n<td>259mg<\/td>\n<td>11%<\/td>\n<\/tr>\n<\/tbody>\n<\/table>\n<p align=\"center\">(*)% Valores Di\u00e1rios de refer\u00eancia com base em uma dieta de 2.000 kcal ou 8400 kJ.<br \/>\nSeus valores di\u00e1rios podem ser maiores ou menores dependendo de suas necessidades energ\u00e9ticas.<\/p>\n<p>[\/vc_column_text][vc_column_text][\/vc_column_text]\t\t<div class=\"vu_contact-form-7 vu_cf7-style-default clearfix \">\r\n\t\t\t\t\t\t\t<h4 class=\"vu_cf7-title\">Fa\u00e7a seu Or\u00e7amento!<\/h4>\r\n\t\t\t\r\n\t\t\t\n<div class=\"wpcf7 no-js\" id=\"wpcf7-f2501-o1\" lang=\"en-US\" dir=\"ltr\">\n<div class=\"screen-reader-response\"><p role=\"status\" aria-live=\"polite\" aria-atomic=\"true\"><\/p> <ul><\/ul><\/div>\n<form action=\"\/2019\/wp-json\/wp\/v2\/pages\/2487#wpcf7-f2501-o1\" method=\"post\" class=\"wpcf7-form init vu_cf7-frm\" aria-label=\"Contact form\" novalidate=\"novalidate\" data-status=\"init\">\n<div style=\"display: none;\">\n<input type=\"hidden\" name=\"_wpcf7\" value=\"2501\" \/>\n<input type=\"hidden\" name=\"_wpcf7_version\" value=\"5.9.5\" \/>\n<input type=\"hidden\" name=\"_wpcf7_locale\" value=\"en_US\" \/>\n<input type=\"hidden\" name=\"_wpcf7_unit_tag\" value=\"wpcf7-f2501-o1\" \/>\n<input type=\"hidden\" name=\"_wpcf7_container_post\" value=\"0\" \/>\n<input type=\"hidden\" name=\"_wpcf7_posted_data_hash\" value=\"\" \/>\n<input type=\"hidden\" name=\"_wpcf7_recaptcha_response\" value=\"\" \/>\n<\/div>\n<div class=\"row\">\n\t<div class=\"col-xs-6 m-b-15\">\n\t\t<p><span class=\"wpcf7-form-control-wrap\" data-name=\"first-name\"><input size=\"40\" class=\"wpcf7-form-control wpcf7-text wpcf7-validates-as-required form-control m-b-5\" aria-required=\"true\" aria-invalid=\"false\" placeholder=\"Nome\" value=\"\" type=\"text\" name=\"first-name\" \/><\/span>\n\t\t<\/p>\n\t<\/div>\n\t<div class=\"col-xs-6 m-b-15\">\n\t\t<p><span class=\"wpcf7-form-control-wrap\" data-name=\"last-name\"><input size=\"40\" class=\"wpcf7-form-control wpcf7-text wpcf7-validates-as-required form-control m-b-5\" aria-required=\"true\" aria-invalid=\"false\" placeholder=\"Sobrenome\" value=\"\" type=\"text\" name=\"last-name\" \/><\/span>\n\t\t<\/p>\n\t<\/div>\n<\/div>\n<div class=\"row\">\n\t<div class=\"col-xs-6 m-b-15\">\n\t\t<p><span class=\"wpcf7-form-control-wrap\" data-name=\"phone\"><input size=\"40\" class=\"wpcf7-form-control wpcf7-tel wpcf7-validates-as-required wpcf7-text wpcf7-validates-as-tel form-control m-b-5\" aria-required=\"true\" aria-invalid=\"false\" placeholder=\"Telefone\" value=\"\" type=\"tel\" name=\"phone\" \/><\/span>\n\t\t<\/p>\n\t<\/div>\n\t<div class=\"col-xs-6 m-b-15\">\n\t\t<p><span class=\"wpcf7-form-control-wrap\" data-name=\"email\"><input size=\"40\" class=\"wpcf7-form-control wpcf7-email wpcf7-validates-as-required wpcf7-text wpcf7-validates-as-email form-control m-b-5\" aria-required=\"true\" aria-invalid=\"false\" placeholder=\"Email\" value=\"\" type=\"email\" name=\"email\" \/><\/span>\n\t\t<\/p>\n\t<\/div>\n<\/div>\n<div class=\"row\">\n\t<div class=\"col-xs-12 m-b-15\">\n\t\t<p><span class=\"wpcf7-form-control-wrap\" data-name=\"subject\"><input size=\"40\" class=\"wpcf7-form-control wpcf7-text wpcf7-validates-as-required form-control m-b-5\" aria-required=\"true\" aria-invalid=\"false\" placeholder=\"Or\u00e7amento\" value=\"\" type=\"text\" name=\"subject\" \/><\/span>\n\t\t<\/p>\n\t<\/div>\n<\/div>\n<div class=\"row\">\n\t<div class=\"col-xs-12 m-b-15\">\n\t\t<p><span class=\"wpcf7-form-control-wrap\" data-name=\"message\"><textarea cols=\"40\" rows=\"7\" class=\"wpcf7-form-control wpcf7-textarea wpcf7-validates-as-required form-control m-b-5\" aria-required=\"true\" aria-invalid=\"false\" placeholder=\"Informe o c\u00f3digo do produto e quantidades para o or\u00e7amento\" name=\"message\"><\/textarea><\/span>\n\t\t<\/p>\n\t<\/div>\n<\/div>\n<div class=\"row\">\n\t<div class=\"col-xs-12 text-right\">\n\t\t<p><input class=\"wpcf7-form-control wpcf7-submit has-spinner btn btn-secondary btn-md btn-inverse\" type=\"submit\" value=\"SOLICITAR OR\u00c7AMENTO\" \/><br \/>\n\t\t<span class=\"wpcf7-form-control-wrap recaptcha\" data-name=\"recaptcha\"><span data-sitekey=\"6Lf7wq0rAAAAAHVOyweX0ehllGfStW60TfypjXfI\" class=\"wpcf7-form-control wpcf7-recaptcha g-recaptcha\"><\/span>\r\n<noscript>\r\n\t<div class=\"grecaptcha-noscript\">\r\n\t\t<iframe loading=\"lazy\" src=\"https:\/\/www.google.com\/recaptcha\/api\/fallback?k=6Lf7wq0rAAAAAHVOyweX0ehllGfStW60TfypjXfI\" frameborder=\"0\" scrolling=\"no\" width=\"310\" height=\"430\">\r\n\t\t<\/iframe>\r\n\t\t<textarea name=\"g-recaptcha-response\" rows=\"3\" cols=\"40\" placeholder=\"reCaptcha Response Here\">\r\n\t\t<\/textarea>\r\n\t<\/div>\r\n<\/noscript>\r\n<\/span>\n\t\t<\/p>\n\t<\/div>\n<\/div><div class=\"wpcf7-response-output\" aria-hidden=\"true\"><\/div>\n<\/form>\n<\/div>\n\t\t<\/div>\r\n\t[\/vc_column][\/vc_row][vc_row content_layout=&#8221;boxed&#8221; equal_height=&#8221;&#8221; animation_delay=&#8221;&#8221; disable=&#8221;&#8221; id=&#8221;&#8221; class=&#8221;&#8221; bg_type=&#8221;image&#8221; bg_image=&#8221;&#8221; color_overlay=&#8221;&#8221; enable_parallax=&#8221;&#8221; enable_pattern=&#8221;&#8221;][vc_column layout=&#8221;normal&#8221; vertical_align=&#8221;auto&#8221; animation_delay=&#8221;&#8221;][vc_column_text]<\/p>\n[\/vc_column_text][\/vc_column][\/vc_row]<\/p>\n<\/div>","protected":false},"excerpt":{"rendered":"<p>[vc_row content_layout=&#8221;boxed&#8221; equal_height=&#8221;&#8221; animation_delay=&#8221;&#8221; disable=&#8221;&#8221; id=&#8221;&#8221; class=&#8221;&#8221; bg_type=&#8221;image&#8221; bg_image=&#8221;&#8221; color_overlay=&#8221;&#8221; enable_parallax=&#8221;&#8221; enable_pattern=&#8221;&#8221;][vc_column layout=&#8221;normal&#8221; vertical_align=&#8221;auto&#8221; animation_delay=&#8221;&#8221;][vc_column_text][\/vc_column_text][\/vc_column][\/vc_row]<\/p>\n","protected":false},"author":1,"featured_media":0,"parent":0,"menu_order":0,"comment_status":"closed","ping_status":"closed","template":"","meta":{"footnotes":""},"class_list":["post-2487","page","type-page","status-publish","hentry"],"_links":{"self":[{"href":"https:\/\/donanara.com.br\/2019\/wp-json\/wp\/v2\/pages\/2487","targetHints":{"allow":["GET"]}}],"collection":[{"href":"https:\/\/donanara.com.br\/2019\/wp-json\/wp\/v2\/pages"}],"about":[{"href":"https:\/\/donanara.com.br\/2019\/wp-json\/wp\/v2\/types\/page"}],"author":[{"embeddable":true,"href":"https:\/\/donanara.com.br\/2019\/wp-json\/wp\/v2\/users\/1"}],"replies":[{"embeddable":true,"href":"https:\/\/donanara.com.br\/2019\/wp-json\/wp\/v2\/comments?post=2487"}],"version-history":[{"count":4,"href":"https:\/\/donanara.com.br\/2019\/wp-json\/wp\/v2\/pages\/2487\/revisions"}],"predecessor-version":[{"id":2566,"href":"https:\/\/donanara.com.br\/2019\/wp-json\/wp\/v2\/pages\/2487\/revisions\/2566"}],"wp:attachment":[{"href":"https:\/\/donanara.com.br\/2019\/wp-json\/wp\/v2\/media?parent=2487"}],"curies":[{"name":"wp","href":"https:\/\/api.w.org\/{rel}","templated":true}]}}